{"id":14220,"date":"2024-06-02T08:32:11","date_gmt":"2024-06-02T08:32:11","guid":{"rendered":"https:\/\/germanacumarina.ro\/?page_id=14220"},"modified":"2025-07-18T17:29:23","modified_gmt":"2025-07-18T17:29:23","slug":"vocabular","status":"publish","type":"page","link":"https:\/\/germanacumarina.ro\/?page_id=14220","title":{"rendered":"Vocabular"},"content":{"rendered":"\t\t<div data-elementor-type=\"wp-page\" data-elementor-id=\"14220\" class=\"elementor elementor-14220\" data-elementor-post-type=\"page\">\n\t\t\t\t<div data-particle_enable=\"false\" data-particle-mobile-disabled=\"false\" class=\"elementor-element elementor-element-389dfef e-flex e-con-boxed e-con e-parent\" data-id=\"389dfef\" data-element_type=\"container\" data-e-type=\"container\">\n\t\t\t\t\t<div class=\"e-con-inner\">\n\t\t\t\t<div class=\"elementor-element elementor-element-16c1bed animated-slow elementor-invisible elementor-widget elementor-widget-image\" data-id=\"16c1bed\" data-element_type=\"widget\" data-e-type=\"widget\" data-settings=\"{&quot;_animation&quot;:&quot;fadeInLeft&quot;,&quot;_animation_delay&quot;:0}\" data-widget_type=\"image.default\">\n\t\t\t\t<div class=\"elementor-widget-container\">\n\t\t\t\t\t\t\t\t\t\t\t\t\t\t\t<img decoding=\"async\" src=\"https:\/\/germanacumarina.ro\/wp-content\/uploads\/2025\/06\/lkcghkmghmk.jpg\" title=\"\" alt=\"curs germana B2\" loading=\"lazy\" \/>\t\t\t\t\t\t\t\t\t\t\t\t\t\t\t<\/div>\n\t\t\t\t<\/div>\n\t\t\t\t\t<\/div>\n\t\t\t\t<\/div>\n\t\t<div data-particle_enable=\"false\" data-particle-mobile-disabled=\"false\" class=\"elementor-element elementor-element-a4ad743 e-flex e-con-boxed e-con e-parent\" data-id=\"a4ad743\" data-element_type=\"container\" data-e-type=\"container\">\n\t\t\t\t\t<div class=\"e-con-inner\">\n\t\t\t\t<div class=\"elementor-element elementor-element-19cc0fe animated-slow elementor-invisible elementor-widget elementor-widget-image\" data-id=\"19cc0fe\" data-element_type=\"widget\" data-e-type=\"widget\" data-settings=\"{&quot;_animation&quot;:&quot;fadeInLeft&quot;,&quot;_animation_delay&quot;:0}\" data-widget_type=\"image.default\">\n\t\t\t\t<div class=\"elementor-widget-container\">\n\t\t\t\t\t\t\t\t\t\t\t\t\t\t\t<img decoding=\"async\" src=\"https:\/\/germanacumarina.ro\/wp-content\/uploads\/2025\/06\/l.zkmjfghmndhtmgh.jpg\" title=\"\" alt=\"cursuri online germana\" loading=\"lazy\" \/>\t\t\t\t\t\t\t\t\t\t\t\t\t\t\t<\/div>\n\t\t\t\t<\/div>\n\t\t\t\t\t<\/div>\n\t\t\t\t<\/div>\n\t\t<div data-particle_enable=\"false\" data-particle-mobile-disabled=\"false\" class=\"elementor-element elementor-element-a7fe3ab e-flex e-con-boxed e-con e-parent\" data-id=\"a7fe3ab\" data-element_type=\"container\" data-e-type=\"container\">\n\t\t\t\t\t<div class=\"e-con-inner\">\n\t\t\t\t<div class=\"elementor-element elementor-element-83cae54 animated-slow elementor-invisible elementor-widget elementor-widget-image\" data-id=\"83cae54\" data-element_type=\"widget\" data-e-type=\"widget\" data-settings=\"{&quot;_animation&quot;:&quot;fadeInLeft&quot;,&quot;_animation_delay&quot;:0}\" data-widget_type=\"image.default\">\n\t\t\t\t<div class=\"elementor-widget-container\">\n\t\t\t\t\t\t\t\t\t\t\t\t\t\t\t<img decoding=\"async\" src=\"https:\/\/germanacumarina.ro\/wp-content\/uploads\/2025\/07\/Limbajul-medical-in-limba-germana-modul-2-din-4-august-2025.jpg\" title=\"\" alt=\"Limbajul medical \u00een limba german\u0103, modul 2, din 4 august 2025\" loading=\"lazy\" \/>\t\t\t\t\t\t\t\t\t\t\t\t\t\t\t<\/div>\n\t\t\t\t<\/div>\n\t\t\t\t\t<\/div>\n\t\t\t\t<\/div>\n\t\t<div data-particle_enable=\"false\" data-particle-mobile-disabled=\"false\" class=\"elementor-element elementor-element-ef12562 e-flex e-con-boxed e-con e-parent\" data-id=\"ef12562\" data-element_type=\"container\" data-e-type=\"container\">\n\t\t\t\t\t<div class=\"e-con-inner\">\n\t\t\t\t<div class=\"elementor-element elementor-element-0646be8 animated-slow elementor-invisible elementor-widget elementor-widget-image\" data-id=\"0646be8\" data-element_type=\"widget\" data-e-type=\"widget\" data-settings=\"{&quot;_animation&quot;:&quot;fadeInLeft&quot;,&quot;_animation_delay&quot;:0}\" data-widget_type=\"image.default\">\n\t\t\t\t<div class=\"elementor-widget-container\">\n\t\t\t\t\t\t\t\t\t\t\t\t\t\t\t<img decoding=\"async\" src=\"https:\/\/germanacumarina.ro\/wp-content\/uploads\/2025\/07\/ilukyjthgf.jpg\" title=\"\" alt=\"germana online\" loading=\"lazy\" \/>\t\t\t\t\t\t\t\t\t\t\t\t\t\t\t<\/div>\n\t\t\t\t<\/div>\n\t\t\t\t\t<\/div>\n\t\t\t\t<\/div>\n\t\t<div data-particle_enable=\"false\" data-particle-mobile-disabled=\"false\" class=\"elementor-element elementor-element-a13d02d e-flex e-con-boxed e-con e-parent\" data-id=\"a13d02d\" data-element_type=\"container\" data-e-type=\"container\">\n\t\t\t\t\t<div class=\"e-con-inner\">\n\t\t\t\t<div class=\"elementor-element elementor-element-9968bea animated-slow elementor-invisible elementor-widget elementor-widget-image\" data-id=\"9968bea\" data-element_type=\"widget\" data-e-type=\"widget\" data-settings=\"{&quot;_animation&quot;:&quot;fadeInLeft&quot;,&quot;_animation_delay&quot;:0}\" data-widget_type=\"image.default\">\n\t\t\t\t<div class=\"elementor-widget-container\">\n\t\t\t\t\t\t\t\t\t\t\t\t\t\t\t<img fetchpriority=\"high\" decoding=\"async\" width=\"1080\" height=\"78\" src=\"https:\/\/germanacumarina.ro\/wp-content\/uploads\/2025\/07\/limbajul-medical-in-germana.jpg\" class=\"attachment-2048x2048 size-2048x2048 wp-image-21104\" alt=\"limbajul medical in germana\" srcset=\"https:\/\/germanacumarina.ro\/wp-content\/uploads\/2025\/07\/limbajul-medical-in-germana.jpg 1080w, https:\/\/germanacumarina.ro\/wp-content\/uploads\/2025\/07\/limbajul-medical-in-germana-300x22.jpg 300w, https:\/\/germanacumarina.ro\/wp-content\/uploads\/2025\/07\/limbajul-medical-in-germana-1024x74.jpg 1024w, https:\/\/germanacumarina.ro\/wp-content\/uploads\/2025\/07\/limbajul-medical-in-germana-768x55.jpg 768w, https:\/\/germanacumarina.ro\/wp-content\/uploads\/2025\/07\/limbajul-medical-in-germana-500x36.jpg 500w, https:\/\/germanacumarina.ro\/wp-content\/uploads\/2025\/07\/limbajul-medical-in-germana-800x58.jpg 800w\" sizes=\"(max-width: 1080px) 100vw, 1080px\" \/>\t\t\t\t\t\t\t\t\t\t\t\t\t\t\t<\/div>\n\t\t\t\t<\/div>\n\t\t\t\t\t<\/div>\n\t\t\t\t<\/div>\n\t\t<div data-particle_enable=\"false\" data-particle-mobile-disabled=\"false\" class=\"elementor-element elementor-element-42bc3a6 e-flex e-con-boxed e-con e-parent\" data-id=\"42bc3a6\" data-element_type=\"container\" data-e-type=\"container\">\n\t\t\t\t\t<div class=\"e-con-inner\">\n\t\t\t\t<div class=\"elementor-element elementor-element-4b00586 elementor-widget elementor-widget-video\" data-id=\"4b00586\" data-element_type=\"widget\" data-e-type=\"widget\" data-settings=\"{&quot;video_type&quot;:&quot;hosted&quot;,&quot;autoplay&quot;:&quot;yes&quot;,&quot;play_on_mobile&quot;:&quot;yes&quot;,&quot;mute&quot;:&quot;yes&quot;,&quot;loop&quot;:&quot;yes&quot;,&quot;controls&quot;:&quot;yes&quot;}\" data-widget_type=\"video.default\">\n\t\t\t\t<div class=\"elementor-widget-container\">\n\t\t\t\t\t\t\t<div class=\"e-hosted-video elementor-wrapper elementor-open-inline\">\n\t\t\t\t\t<video class=\"elementor-video\" src=\"https:\/\/germanacumarina.ro\/wp-content\/uploads\/2024\/06\/hbk.bjk_.mp4\" autoplay=\"\" loop=\"\" controls=\"\" muted=\"muted\" playsinline=\"\" controlsList=\"nodownload\"><\/video>\n\t\t\t\t<\/div>\n\t\t\t\t\t\t<\/div>\n\t\t\t\t<\/div>\n\t\t\t\t\t<\/div>\n\t\t\t\t<\/div>\n\t\t<div data-particle_enable=\"false\" data-particle-mobile-disabled=\"false\" class=\"elementor-element elementor-element-f040011 e-flex e-con-boxed e-con e-parent\" data-id=\"f040011\" data-element_type=\"container\" data-e-type=\"container\">\n\t\t\t\t\t<div class=\"e-con-inner\">\n\t\t\t\t<div class=\"elementor-element elementor-element-9c885ea elementor-cta--skin-classic elementor-animated-content elementor-bg-transform elementor-bg-transform-zoom-in elementor-widget elementor-widget-call-to-action\" data-id=\"9c885ea\" data-element_type=\"widget\" data-e-type=\"widget\" data-widget_type=\"call-to-action.default\">\n\t\t\t\t<div class=\"elementor-widget-container\">\n\t\t\t\t\t\t\t<div class=\"elementor-cta\">\n\t\t\t\t\t<div class=\"elementor-cta__bg-wrapper\">\n\t\t\t\t<div class=\"elementor-cta__bg elementor-bg\" style=\"background-image: url(https:\/\/germanacumarina.ro\/wp-content\/uploads\/2024\/07\/oluitkryju-1024x576.jpg);\" role=\"img\" aria-label=\"Cele mai folosite 66 de cuvinte \u00een limba german\u0103\"><\/div>\n\t\t\t\t<div class=\"elementor-cta__bg-overlay\"><\/div>\n\t\t\t<\/div>\n\t\t\t\t\t\t\t<div class=\"elementor-cta__content\">\n\t\t\t\t\n\t\t\t\t\t\t\t\t\t<h2 class=\"elementor-cta__title elementor-cta__content-item elementor-content-item\">\n\t\t\t\t\t\tCele mai folosite 66 de cuvinte \u00een limba german\u0103\t\t\t\t\t<\/h2>\n\t\t\t\t\n\t\t\t\t\t\t\t\t\t<div class=\"elementor-cta__description elementor-cta__content-item elementor-content-item\">\n\t\t\t\t\t\tAceste cuvinte formeaz\u0103 baza limbajului de zi cu zi \u0219i te vor ajuta s\u0103 \u00een\u021belegi \u0219i s\u0103 participi mai u\u0219or \u00een conversa\u021bii. St\u0103p\u00e2nirea acestui vocabular de baz\u0103 \u00ee\u021bi va permite s\u0103 te exprimi mai clar \u0219i mai precis, facilit\u00e2nd astfel interac\u021biunile personale \u0219i profesionale. Continu\u0103 s\u0103 exersezi \u0219i s\u0103 explorezi resursele noastre pentru a-\u021bi consolida cuno\u0219tin\u021bele \u0219i pentru a deveni fluent \u00een limba german\u0103.\t\t\t\t\t<\/div>\n\t\t\t\t\n\t\t\t\t\t\t\t\t\t<div class=\"elementor-cta__button-wrapper elementor-cta__content-item elementor-content-item \">\n\t\t\t\t\t<a class=\"elementor-cta__button elementor-button elementor-size-\" href=\"https:\/\/germanacumarina.ro\/in-ce-context-le-putem-folosi\/\">\n\t\t\t\t\t\tCite\u0219te mai mult\t\t\t\t\t<\/a>\n\t\t\t\t\t<\/div>\n\t\t\t\t\t\t\t<\/div>\n\t\t\t\t\t\t<\/div>\n\t\t\t\t\t\t<\/div>\n\t\t\t\t<\/div>\n\t\t\t\t\t<\/div>\n\t\t\t\t<\/div>\n\t\t\t\t<\/div>\n\t\t","protected":false},"excerpt":{"rendered":"<p>https:\/\/germanacumarina.ro\/wp-content\/uploads\/2024\/06\/hbk.bjk_.mp4 Cele mai folosite 66 de cuvinte \u00een limba german\u0103 Aceste cuvinte formeaz\u0103 baza limbajului de zi cu zi \u0219i te vor ajuta s\u0103 \u00een\u021belegi \u0219i s\u0103 participi mai u\u0219or \u00een conversa\u021bii. St\u0103p\u00e2nirea acestui vocabular de baz\u0103 \u00ee\u021bi va permite s\u0103 te exprimi mai clar \u0219i mai precis, facilit\u00e2nd astfel interac\u021biunile personale \u0219i profesionale. Continu\u0103 [&hellip;]<\/p>\n","protected":false},"author":1,"featured_media":14053,"parent":8763,"menu_order":0,"comment_status":"closed","ping_status":"closed","template":"","meta":{"zakra_page_container_layout":"customizer","zakra_page_sidebar_layout":"customizer","zakra_remove_content_margin":false,"zakra_sidebar":"customizer","zakra_transparent_header":"customizer","zakra_logo":0,"zakra_main_header_style":"default","zakra_menu_item_color":"","zakra_menu_item_hover_color":"","zakra_menu_item_active_color":"","zakra_menu_active_style":"","zakra_page_header":true,"_eb_attr":"","footnotes":""},"class_list":["post-14220","page","type-page","status-publish","has-post-thumbnail","hentry"],"yoast_head":"<!-- This site is optimized with the Yoast SEO plugin v27.4 - https:\/\/yoast.com\/product\/yoast-seo-wordpress\/ -->\n<title>Germana cu Marina, cursuri limba germana<\/title>\n<meta name=\"description\" content=\"Cursuri Germana cu Marina\" \/>\n<meta name=\"robots\" content=\"index, follow, max-snippet:-1, max-image-preview:large, max-video-preview:-1\" \/>\n<link rel=\"canonical\" href=\"https:\/\/germanacumarina.ro\/?page_id=14220\" \/>\n<meta property=\"og:locale\" content=\"ro_RO\" \/>\n<meta property=\"og:type\" content=\"article\" \/>\n<meta property=\"og:title\" content=\"Germana cu Marina, cursuri limba germana\" \/>\n<meta property=\"og:description\" content=\"Cursuri Germana cu Marina\" \/>\n<meta property=\"og:url\" content=\"https:\/\/germanacumarina.ro\/?page_id=14220\" \/>\n<meta property=\"og:site_name\" content=\"Germana cu Marina\" \/>\n<meta property=\"article:publisher\" content=\"https:\/\/www.facebook.com\/GermanacuMarina\" \/>\n<meta property=\"article:modified_time\" content=\"2025-07-18T17:29:23+00:00\" \/>\n<meta property=\"og:image\" content=\"https:\/\/germanacumarina.ro\/wp-content\/uploads\/2024\/05\/utys0h70s.jpg\" \/>\n\t<meta property=\"og:image:width\" content=\"1080\" \/>\n\t<meta property=\"og:image:height\" content=\"1080\" \/>\n\t<meta property=\"og:image:type\" content=\"image\/jpeg\" \/>\n<meta name=\"twitter:card\" content=\"summary_large_image\" \/>\n<meta name=\"twitter:label1\" content=\"Timp estimat pentru citire\" \/>\n\t<meta name=\"twitter:data1\" content=\"2 minute\" \/>\n<script type=\"application\/ld+json\" class=\"yoast-schema-graph\">{\"@context\":\"https:\\\/\\\/schema.org\",\"@graph\":[{\"@type\":\"WebPage\",\"@id\":\"https:\\\/\\\/germanacumarina.ro\\\/?page_id=14220\",\"url\":\"https:\\\/\\\/germanacumarina.ro\\\/?page_id=14220\",\"name\":\"Germana cu Marina, cursuri limba germana\",\"isPartOf\":{\"@id\":\"https:\\\/\\\/germanacumarina.ro\\\/#website\"},\"primaryImageOfPage\":{\"@id\":\"https:\\\/\\\/germanacumarina.ro\\\/?page_id=14220#primaryimage\"},\"image\":{\"@id\":\"https:\\\/\\\/germanacumarina.ro\\\/?page_id=14220#primaryimage\"},\"thumbnailUrl\":\"https:\\\/\\\/germanacumarina.ro\\\/wp-content\\\/uploads\\\/2024\\\/05\\\/utys0h70s.jpg\",\"datePublished\":\"2024-06-02T08:32:11+00:00\",\"dateModified\":\"2025-07-18T17:29:23+00:00\",\"description\":\"Cursuri Germana cu Marina\",\"breadcrumb\":{\"@id\":\"https:\\\/\\\/germanacumarina.ro\\\/?page_id=14220#breadcrumb\"},\"inLanguage\":\"ro-RO\",\"potentialAction\":[{\"@type\":\"ReadAction\",\"target\":[\"https:\\\/\\\/germanacumarina.ro\\\/?page_id=14220\"]}]},{\"@type\":\"ImageObject\",\"inLanguage\":\"ro-RO\",\"@id\":\"https:\\\/\\\/germanacumarina.ro\\\/?page_id=14220#primaryimage\",\"url\":\"https:\\\/\\\/germanacumarina.ro\\\/wp-content\\\/uploads\\\/2024\\\/05\\\/utys0h70s.jpg\",\"contentUrl\":\"https:\\\/\\\/germanacumarina.ro\\\/wp-content\\\/uploads\\\/2024\\\/05\\\/utys0h70s.jpg\",\"width\":1080,\"height\":1080},{\"@type\":\"BreadcrumbList\",\"@id\":\"https:\\\/\\\/germanacumarina.ro\\\/?page_id=14220#breadcrumb\",\"itemListElement\":[{\"@type\":\"ListItem\",\"position\":1,\"name\":\"Prima pagin\u0103\",\"item\":\"https:\\\/\\\/germanacumarina.ro\\\/\"},{\"@type\":\"ListItem\",\"position\":2,\"name\":\"Descopera Germana\",\"item\":\"https:\\\/\\\/germanacumarina.ro\\\/?page_id=8763\"},{\"@type\":\"ListItem\",\"position\":3,\"name\":\"Vocabular\"}]},{\"@type\":\"WebSite\",\"@id\":\"https:\\\/\\\/germanacumarina.ro\\\/#website\",\"url\":\"https:\\\/\\\/germanacumarina.ro\\\/\",\"name\":\"Germana cu Marina\",\"description\":\"Cursuri  limba Germana\",\"publisher\":{\"@id\":\"https:\\\/\\\/germanacumarina.ro\\\/#organization\"},\"potentialAction\":[{\"@type\":\"SearchAction\",\"target\":{\"@type\":\"EntryPoint\",\"urlTemplate\":\"https:\\\/\\\/germanacumarina.ro\\\/?s={search_term_string}\"},\"query-input\":{\"@type\":\"PropertyValueSpecification\",\"valueRequired\":true,\"valueName\":\"search_term_string\"}}],\"inLanguage\":\"ro-RO\"},{\"@type\":\"Organization\",\"@id\":\"https:\\\/\\\/germanacumarina.ro\\\/#organization\",\"name\":\"Germana cu Marina\",\"url\":\"https:\\\/\\\/germanacumarina.ro\\\/\",\"logo\":{\"@type\":\"ImageObject\",\"inLanguage\":\"ro-RO\",\"@id\":\"https:\\\/\\\/germanacumarina.ro\\\/#\\\/schema\\\/logo\\\/image\\\/\",\"url\":\"https:\\\/\\\/germanacumarina.ro\\\/wp-content\\\/uploads\\\/2020\\\/06\\\/t6vlibvyuk-e1674929481849.jpg\",\"contentUrl\":\"https:\\\/\\\/germanacumarina.ro\\\/wp-content\\\/uploads\\\/2020\\\/06\\\/t6vlibvyuk-e1674929481849.jpg\",\"width\":175,\"height\":151,\"caption\":\"Germana cu Marina\"},\"image\":{\"@id\":\"https:\\\/\\\/germanacumarina.ro\\\/#\\\/schema\\\/logo\\\/image\\\/\"},\"sameAs\":[\"https:\\\/\\\/www.facebook.com\\\/GermanacuMarina\"]}]}<\/script>\n<!-- \/ Yoast SEO plugin. -->","yoast_head_json":{"title":"Germana cu Marina, cursuri limba germana","description":"Cursuri Germana cu Marina","robots":{"index":"index","follow":"follow","max-snippet":"max-snippet:-1","max-image-preview":"max-image-preview:large","max-video-preview":"max-video-preview:-1"},"canonical":"https:\/\/germanacumarina.ro\/?page_id=14220","og_locale":"ro_RO","og_type":"article","og_title":"Germana cu Marina, cursuri limba germana","og_description":"Cursuri Germana cu Marina","og_url":"https:\/\/germanacumarina.ro\/?page_id=14220","og_site_name":"Germana cu Marina","article_publisher":"https:\/\/www.facebook.com\/GermanacuMarina","article_modified_time":"2025-07-18T17:29:23+00:00","og_image":[{"width":1080,"height":1080,"url":"https:\/\/germanacumarina.ro\/wp-content\/uploads\/2024\/05\/utys0h70s.jpg","type":"image\/jpeg"}],"twitter_card":"summary_large_image","twitter_misc":{"Timp estimat pentru citire":"2 minute"},"schema":{"@context":"https:\/\/schema.org","@graph":[{"@type":"WebPage","@id":"https:\/\/germanacumarina.ro\/?page_id=14220","url":"https:\/\/germanacumarina.ro\/?page_id=14220","name":"Germana cu Marina, cursuri limba germana","isPartOf":{"@id":"https:\/\/germanacumarina.ro\/#website"},"primaryImageOfPage":{"@id":"https:\/\/germanacumarina.ro\/?page_id=14220#primaryimage"},"image":{"@id":"https:\/\/germanacumarina.ro\/?page_id=14220#primaryimage"},"thumbnailUrl":"https:\/\/germanacumarina.ro\/wp-content\/uploads\/2024\/05\/utys0h70s.jpg","datePublished":"2024-06-02T08:32:11+00:00","dateModified":"2025-07-18T17:29:23+00:00","description":"Cursuri Germana cu Marina","breadcrumb":{"@id":"https:\/\/germanacumarina.ro\/?page_id=14220#breadcrumb"},"inLanguage":"ro-RO","potentialAction":[{"@type":"ReadAction","target":["https:\/\/germanacumarina.ro\/?page_id=14220"]}]},{"@type":"ImageObject","inLanguage":"ro-RO","@id":"https:\/\/germanacumarina.ro\/?page_id=14220#primaryimage","url":"https:\/\/germanacumarina.ro\/wp-content\/uploads\/2024\/05\/utys0h70s.jpg","contentUrl":"https:\/\/germanacumarina.ro\/wp-content\/uploads\/2024\/05\/utys0h70s.jpg","width":1080,"height":1080},{"@type":"BreadcrumbList","@id":"https:\/\/germanacumarina.ro\/?page_id=14220#breadcrumb","itemListElement":[{"@type":"ListItem","position":1,"name":"Prima pagin\u0103","item":"https:\/\/germanacumarina.ro\/"},{"@type":"ListItem","position":2,"name":"Descopera Germana","item":"https:\/\/germanacumarina.ro\/?page_id=8763"},{"@type":"ListItem","position":3,"name":"Vocabular"}]},{"@type":"WebSite","@id":"https:\/\/germanacumarina.ro\/#website","url":"https:\/\/germanacumarina.ro\/","name":"Germana cu Marina","description":"Cursuri  limba Germana","publisher":{"@id":"https:\/\/germanacumarina.ro\/#organization"},"potentialAction":[{"@type":"SearchAction","target":{"@type":"EntryPoint","urlTemplate":"https:\/\/germanacumarina.ro\/?s={search_term_string}"},"query-input":{"@type":"PropertyValueSpecification","valueRequired":true,"valueName":"search_term_string"}}],"inLanguage":"ro-RO"},{"@type":"Organization","@id":"https:\/\/germanacumarina.ro\/#organization","name":"Germana cu Marina","url":"https:\/\/germanacumarina.ro\/","logo":{"@type":"ImageObject","inLanguage":"ro-RO","@id":"https:\/\/germanacumarina.ro\/#\/schema\/logo\/image\/","url":"https:\/\/germanacumarina.ro\/wp-content\/uploads\/2020\/06\/t6vlibvyuk-e1674929481849.jpg","contentUrl":"https:\/\/germanacumarina.ro\/wp-content\/uploads\/2020\/06\/t6vlibvyuk-e1674929481849.jpg","width":175,"height":151,"caption":"Germana cu Marina"},"image":{"@id":"https:\/\/germanacumarina.ro\/#\/schema\/logo\/image\/"},"sameAs":["https:\/\/www.facebook.com\/GermanacuMarina"]}]}},"_links":{"self":[{"href":"https:\/\/germanacumarina.ro\/index.php?rest_route=\/wp\/v2\/pages\/14220","targetHints":{"allow":["GET"]}}],"collection":[{"href":"https:\/\/germanacumarina.ro\/index.php?rest_route=\/wp\/v2\/pages"}],"about":[{"href":"https:\/\/germanacumarina.ro\/index.php?rest_route=\/wp\/v2\/types\/page"}],"author":[{"embeddable":true,"href":"https:\/\/germanacumarina.ro\/index.php?rest_route=\/wp\/v2\/users\/1"}],"replies":[{"embeddable":true,"href":"https:\/\/germanacumarina.ro\/index.php?rest_route=%2Fwp%2Fv2%2Fcomments&post=14220"}],"version-history":[{"count":85,"href":"https:\/\/germanacumarina.ro\/index.php?rest_route=\/wp\/v2\/pages\/14220\/revisions"}],"predecessor-version":[{"id":21486,"href":"https:\/\/germanacumarina.ro\/index.php?rest_route=\/wp\/v2\/pages\/14220\/revisions\/21486"}],"up":[{"embeddable":true,"href":"https:\/\/germanacumarina.ro\/index.php?rest_route=\/wp\/v2\/pages\/8763"}],"wp:featuredmedia":[{"embeddable":true,"href":"https:\/\/germanacumarina.ro\/index.php?rest_route=\/wp\/v2\/media\/14053"}],"wp:attachment":[{"href":"https:\/\/germanacumarina.ro\/index.php?rest_route=%2Fwp%2Fv2%2Fmedia&parent=14220"}],"curies":[{"name":"wp","href":"https:\/\/api.w.org\/{rel}","templated":true}]}}