{"id":14462,"date":"2024-06-11T16:09:36","date_gmt":"2024-06-11T16:09:36","guid":{"rendered":"https:\/\/germanacumarina.ro\/?page_id=14462"},"modified":"2025-07-30T17:52:50","modified_gmt":"2025-07-30T17:52:50","slug":"conversatie","status":"publish","type":"page","link":"https:\/\/germanacumarina.ro\/?page_id=14462","title":{"rendered":"Conversa\u021bie"},"content":{"rendered":"\t\t<div data-elementor-type=\"wp-page\" data-elementor-id=\"14462\" class=\"elementor elementor-14462\" data-elementor-post-type=\"page\">\n\t\t\t\t<div data-particle_enable=\"false\" data-particle-mobile-disabled=\"false\" class=\"elementor-element elementor-element-8acfe00 e-flex e-con-boxed e-con e-parent\" data-id=\"8acfe00\" data-element_type=\"container\" data-e-type=\"container\">\n\t\t\t\t\t<div class=\"e-con-inner\">\n\t\t\t\t<div class=\"elementor-element elementor-element-16c3594 animated-slow elementor-invisible elementor-widget elementor-widget-image\" data-id=\"16c3594\" data-element_type=\"widget\" data-e-type=\"widget\" data-settings=\"{&quot;_animation&quot;:&quot;fadeInLeft&quot;,&quot;_animation_delay&quot;:0}\" data-widget_type=\"image.default\">\n\t\t\t\t<div class=\"elementor-widget-container\">\n\t\t\t\t\t\t\t\t\t\t\t\t\t\t\t<img decoding=\"async\" src=\"https:\/\/germanacumarina.ro\/wp-content\/uploads\/2025\/06\/lkcghkmghmk.jpg\" title=\"\" alt=\"curs germana B2\" loading=\"lazy\" \/>\t\t\t\t\t\t\t\t\t\t\t\t\t\t\t<\/div>\n\t\t\t\t<\/div>\n\t\t\t\t\t<\/div>\n\t\t\t\t<\/div>\n\t\t<div data-particle_enable=\"false\" data-particle-mobile-disabled=\"false\" class=\"elementor-element elementor-element-cc105e9 e-flex e-con-boxed e-con e-parent\" data-id=\"cc105e9\" data-element_type=\"container\" data-e-type=\"container\">\n\t\t\t\t\t<div class=\"e-con-inner\">\n\t\t\t\t<div class=\"elementor-element elementor-element-a9c321b animated-slow elementor-invisible elementor-widget elementor-widget-image\" data-id=\"a9c321b\" data-element_type=\"widget\" data-e-type=\"widget\" data-settings=\"{&quot;_animation&quot;:&quot;fadeInLeft&quot;,&quot;_animation_delay&quot;:0}\" data-widget_type=\"image.default\">\n\t\t\t\t<div class=\"elementor-widget-container\">\n\t\t\t\t\t\t\t\t\t\t\t\t\t\t\t<img decoding=\"async\" src=\"https:\/\/germanacumarina.ro\/wp-content\/uploads\/2025\/06\/l.zkmjfghmndhtmgh.jpg\" title=\"\" alt=\"cursuri online germana\" loading=\"lazy\" \/>\t\t\t\t\t\t\t\t\t\t\t\t\t\t\t<\/div>\n\t\t\t\t<\/div>\n\t\t\t\t\t<\/div>\n\t\t\t\t<\/div>\n\t\t<div data-particle_enable=\"false\" data-particle-mobile-disabled=\"false\" class=\"elementor-element elementor-element-127a1e7 e-flex e-con-boxed e-con e-parent\" data-id=\"127a1e7\" data-element_type=\"container\" data-e-type=\"container\">\n\t\t\t\t\t<div class=\"e-con-inner\">\n\t\t\t\t<div class=\"elementor-element elementor-element-e6c30ce animated-slow elementor-invisible elementor-widget elementor-widget-image\" data-id=\"e6c30ce\" data-element_type=\"widget\" data-e-type=\"widget\" data-settings=\"{&quot;_animation&quot;:&quot;fadeInLeft&quot;,&quot;_animation_delay&quot;:0}\" data-widget_type=\"image.default\">\n\t\t\t\t<div class=\"elementor-widget-container\">\n\t\t\t\t\t\t\t\t\t\t\t\t\t\t\t<img decoding=\"async\" src=\"https:\/\/germanacumarina.ro\/wp-content\/uploads\/2025\/07\/Limbajul-medical-in-limba-germana-modul-2-din-4-august-2025.jpg\" title=\"\" alt=\"Limbajul medical \u00een limba german\u0103, modul 2, din 4 august 2025\" loading=\"lazy\" \/>\t\t\t\t\t\t\t\t\t\t\t\t\t\t\t<\/div>\n\t\t\t\t<\/div>\n\t\t\t\t\t<\/div>\n\t\t\t\t<\/div>\n\t\t<div data-particle_enable=\"false\" data-particle-mobile-disabled=\"false\" class=\"elementor-element elementor-element-1de6f31 e-flex e-con-boxed e-con e-parent\" data-id=\"1de6f31\" data-element_type=\"container\" data-e-type=\"container\">\n\t\t\t\t\t<div class=\"e-con-inner\">\n\t\t\t\t<div class=\"elementor-element elementor-element-9283b7c animated-slow elementor-invisible elementor-widget elementor-widget-image\" data-id=\"9283b7c\" data-element_type=\"widget\" data-e-type=\"widget\" data-settings=\"{&quot;_animation&quot;:&quot;fadeInLeft&quot;,&quot;_animation_delay&quot;:0}\" data-widget_type=\"image.default\">\n\t\t\t\t<div class=\"elementor-widget-container\">\n\t\t\t\t\t\t\t\t\t\t\t\t\t\t\t<img decoding=\"async\" src=\"https:\/\/germanacumarina.ro\/wp-content\/uploads\/2025\/07\/ilukyjthgf.jpg\" title=\"\" alt=\"germana online\" loading=\"lazy\" \/>\t\t\t\t\t\t\t\t\t\t\t\t\t\t\t<\/div>\n\t\t\t\t<\/div>\n\t\t\t\t\t<\/div>\n\t\t\t\t<\/div>\n\t\t<div data-particle_enable=\"false\" data-particle-mobile-disabled=\"false\" class=\"elementor-element elementor-element-93cf01e e-flex e-con-boxed e-con e-parent\" data-id=\"93cf01e\" data-element_type=\"container\" data-e-type=\"container\">\n\t\t\t\t\t<div class=\"e-con-inner\">\n\t\t\t\t<div class=\"elementor-element elementor-element-e69c969 animated-slow elementor-invisible elementor-widget elementor-widget-image\" data-id=\"e69c969\" data-element_type=\"widget\" data-e-type=\"widget\" data-settings=\"{&quot;_animation&quot;:&quot;fadeInLeft&quot;,&quot;_animation_delay&quot;:0}\" data-widget_type=\"image.default\">\n\t\t\t\t<div class=\"elementor-widget-container\">\n\t\t\t\t\t\t\t\t\t\t\t\t\t\t\t<img fetchpriority=\"high\" decoding=\"async\" width=\"1080\" height=\"78\" src=\"https:\/\/germanacumarina.ro\/wp-content\/uploads\/2025\/07\/limbajul-medical-in-germana.jpg\" class=\"attachment-2048x2048 size-2048x2048 wp-image-21104\" alt=\"limbajul medical in germana\" srcset=\"https:\/\/germanacumarina.ro\/wp-content\/uploads\/2025\/07\/limbajul-medical-in-germana.jpg 1080w, https:\/\/germanacumarina.ro\/wp-content\/uploads\/2025\/07\/limbajul-medical-in-germana-300x22.jpg 300w, https:\/\/germanacumarina.ro\/wp-content\/uploads\/2025\/07\/limbajul-medical-in-germana-1024x74.jpg 1024w, https:\/\/germanacumarina.ro\/wp-content\/uploads\/2025\/07\/limbajul-medical-in-germana-768x55.jpg 768w, https:\/\/germanacumarina.ro\/wp-content\/uploads\/2025\/07\/limbajul-medical-in-germana-500x36.jpg 500w, https:\/\/germanacumarina.ro\/wp-content\/uploads\/2025\/07\/limbajul-medical-in-germana-800x58.jpg 800w\" sizes=\"(max-width: 1080px) 100vw, 1080px\" \/>\t\t\t\t\t\t\t\t\t\t\t\t\t\t\t<\/div>\n\t\t\t\t<\/div>\n\t\t\t\t\t<\/div>\n\t\t\t\t<\/div>\n\t\t<div data-particle_enable=\"false\" data-particle-mobile-disabled=\"false\" class=\"elementor-element elementor-element-ee34487 e-flex e-con-boxed e-con e-parent\" data-id=\"ee34487\" data-element_type=\"container\" data-e-type=\"container\">\n\t\t\t\t\t<div class=\"e-con-inner\">\n\t\t\t\t<div class=\"elementor-element elementor-element-275e07a elementor-cta--skin-classic elementor-animated-content elementor-bg-transform elementor-bg-transform-zoom-in elementor-widget elementor-widget-call-to-action\" data-id=\"275e07a\" data-element_type=\"widget\" data-e-type=\"widget\" data-widget_type=\"call-to-action.default\">\n\t\t\t\t<div class=\"elementor-widget-container\">\n\t\t\t\t\t\t\t<div class=\"elementor-cta\">\n\t\t\t\t\t<div class=\"elementor-cta__bg-wrapper\">\n\t\t\t\t<div class=\"elementor-cta__bg elementor-bg\" style=\"background-image: url(https:\/\/germanacumarina.ro\/wp-content\/uploads\/2024\/06\/uyflujlyh-1024x576.jpg);\" role=\"img\" aria-label=\"Fraze \u0219i expresii utile pentru cump\u0103r\u0103turi, restaurante \u0219i interac\u021biuni sociale\"><\/div>\n\t\t\t\t<div class=\"elementor-cta__bg-overlay\"><\/div>\n\t\t\t<\/div>\n\t\t\t\t\t\t\t<div class=\"elementor-cta__content\">\n\t\t\t\t\n\t\t\t\t\n\t\t\t\t\t\t\t\t\t<div class=\"elementor-cta__description elementor-cta__content-item elementor-content-item\">\n\t\t\t\t\t\tC\u0103l\u0103toria \u00een Germania sau mutarea \u00eentr-o \u021bar\u0103 vorbitoare de german\u0103 poate fi o experien\u021b\u0103 incitant\u0103, dar \u0219i provocatoare, mai ales dac\u0103 nu st\u0103p\u00e2ne\u0219ti limba. A te descurca \u00een situa\u021biile cotidiene poate p\u0103rea dificil la \u00eenceput, \u00eens\u0103 cu c\u00e2teva fraze \u0219i expresii cheie \u00een bagajul t\u0103u lingvistic, vei putea naviga mai u\u0219or prin diversele scenarii de zi cu zi. \u00cen acest articol, vom explora fraze \u0219i expresii utile care te vor ajuta s\u0103 te descurci \u00een mod eficient \u00een Germania, f\u0103c\u00e2ndu-\u021bi experien\u021ba mai pl\u0103cut\u0103 \u0219i mai u\u0219or de gestionat.\t\t\t\t\t<\/div>\n\t\t\t\t\n\t\t\t\t\t\t\t\t\t<div class=\"elementor-cta__button-wrapper elementor-cta__content-item elementor-content-item \">\n\t\t\t\t\t<a class=\"elementor-cta__button elementor-button elementor-size-\" href=\"https:\/\/germanacumarina.ro\/cum-sa-te-descurci-in-situatii-cotidiene-in-germania-fraze-si-expresii-utile-pentru-cumparaturi-restaurante-si-interactiuni-sociale\/\">\n\t\t\t\t\t\tCite\u0219te mai mult\t\t\t\t\t<\/a>\n\t\t\t\t\t<\/div>\n\t\t\t\t\t\t\t<\/div>\n\t\t\t\t\t\t<\/div>\n\t\t\t\t\t\t<\/div>\n\t\t\t\t<\/div>\n\t\t\t\t\t<\/div>\n\t\t\t\t<\/div>\n\t\t\t\t<\/div>\n\t\t","protected":false},"excerpt":{"rendered":"<p>C\u0103l\u0103toria \u00een Germania sau mutarea \u00eentr-o \u021bar\u0103 vorbitoare de german\u0103 poate fi o experien\u021b\u0103 incitant\u0103, dar \u0219i provocatoare, mai ales dac\u0103 nu st\u0103p\u00e2ne\u0219ti limba. A te descurca \u00een situa\u021biile cotidiene poate p\u0103rea dificil la \u00eenceput, \u00eens\u0103 cu c\u00e2teva fraze \u0219i expresii cheie \u00een bagajul t\u0103u lingvistic, vei putea naviga mai u\u0219or prin diversele scenarii de [&hellip;]<\/p>\n","protected":false},"author":1,"featured_media":14458,"parent":8763,"menu_order":0,"comment_status":"closed","ping_status":"closed","template":"elementor_header_footer","meta":{"zakra_page_container_layout":"customizer","zakra_page_sidebar_layout":"customizer","zakra_remove_content_margin":false,"zakra_sidebar":"customizer","zakra_transparent_header":"customizer","zakra_logo":0,"zakra_main_header_style":"default","zakra_menu_item_color":"","zakra_menu_item_hover_color":"","zakra_menu_item_active_color":"","zakra_menu_active_style":"","zakra_page_header":true,"_eb_attr":"","footnotes":""},"class_list":["post-14462","page","type-page","status-publish","has-post-thumbnail","hentry"],"yoast_head":"<!-- This site is optimized with the Yoast SEO plugin v27.5 - https:\/\/yoast.com\/product\/yoast-seo-wordpress\/ -->\n<title>Germana cu Marina, cursuri limba germana<\/title>\n<meta name=\"description\" content=\"Cursuri Germana cu Marina\" \/>\n<meta name=\"robots\" content=\"index, follow, max-snippet:-1, max-image-preview:large, max-video-preview:-1\" \/>\n<link rel=\"canonical\" href=\"https:\/\/germanacumarina.ro\/?page_id=14462\" \/>\n<meta property=\"og:locale\" content=\"ro_RO\" \/>\n<meta property=\"og:type\" content=\"article\" \/>\n<meta property=\"og:title\" content=\"Germana cu Marina, cursuri limba germana\" \/>\n<meta property=\"og:description\" content=\"Cursuri Germana cu Marina\" \/>\n<meta property=\"og:url\" content=\"https:\/\/germanacumarina.ro\/?page_id=14462\" \/>\n<meta property=\"og:site_name\" content=\"Germana cu Marina\" \/>\n<meta property=\"article:publisher\" content=\"https:\/\/www.facebook.com\/GermanacuMarina\" \/>\n<meta property=\"article:modified_time\" content=\"2025-07-30T17:52:50+00:00\" \/>\n<meta property=\"og:image\" content=\"https:\/\/germanacumarina.ro\/wp-content\/uploads\/2024\/06\/tkyukyu.jpg\" \/>\n\t<meta property=\"og:image:width\" content=\"1080\" \/>\n\t<meta property=\"og:image:height\" content=\"1920\" \/>\n\t<meta property=\"og:image:type\" content=\"image\/jpeg\" \/>\n<meta name=\"twitter:card\" content=\"summary_large_image\" \/>\n<meta name=\"twitter:label1\" content=\"Timp estimat pentru citire\" \/>\n\t<meta name=\"twitter:data1\" content=\"2 minute\" \/>\n<script type=\"application\/ld+json\" class=\"yoast-schema-graph\">{\"@context\":\"https:\\\/\\\/schema.org\",\"@graph\":[{\"@type\":\"WebPage\",\"@id\":\"https:\\\/\\\/germanacumarina.ro\\\/?page_id=14462\",\"url\":\"https:\\\/\\\/germanacumarina.ro\\\/?page_id=14462\",\"name\":\"Germana cu Marina, cursuri limba germana\",\"isPartOf\":{\"@id\":\"https:\\\/\\\/germanacumarina.ro\\\/#website\"},\"primaryImageOfPage\":{\"@id\":\"https:\\\/\\\/germanacumarina.ro\\\/?page_id=14462#primaryimage\"},\"image\":{\"@id\":\"https:\\\/\\\/germanacumarina.ro\\\/?page_id=14462#primaryimage\"},\"thumbnailUrl\":\"https:\\\/\\\/germanacumarina.ro\\\/wp-content\\\/uploads\\\/2024\\\/06\\\/tkyukyu.jpg\",\"datePublished\":\"2024-06-11T16:09:36+00:00\",\"dateModified\":\"2025-07-30T17:52:50+00:00\",\"description\":\"Cursuri Germana cu Marina\",\"breadcrumb\":{\"@id\":\"https:\\\/\\\/germanacumarina.ro\\\/?page_id=14462#breadcrumb\"},\"inLanguage\":\"ro-RO\",\"potentialAction\":[{\"@type\":\"ReadAction\",\"target\":[\"https:\\\/\\\/germanacumarina.ro\\\/?page_id=14462\"]}]},{\"@type\":\"ImageObject\",\"inLanguage\":\"ro-RO\",\"@id\":\"https:\\\/\\\/germanacumarina.ro\\\/?page_id=14462#primaryimage\",\"url\":\"https:\\\/\\\/germanacumarina.ro\\\/wp-content\\\/uploads\\\/2024\\\/06\\\/tkyukyu.jpg\",\"contentUrl\":\"https:\\\/\\\/germanacumarina.ro\\\/wp-content\\\/uploads\\\/2024\\\/06\\\/tkyukyu.jpg\",\"width\":1080,\"height\":1920},{\"@type\":\"BreadcrumbList\",\"@id\":\"https:\\\/\\\/germanacumarina.ro\\\/?page_id=14462#breadcrumb\",\"itemListElement\":[{\"@type\":\"ListItem\",\"position\":1,\"name\":\"Prima pagin\u0103\",\"item\":\"https:\\\/\\\/germanacumarina.ro\\\/\"},{\"@type\":\"ListItem\",\"position\":2,\"name\":\"Descopera Germana\",\"item\":\"https:\\\/\\\/germanacumarina.ro\\\/?page_id=8763\"},{\"@type\":\"ListItem\",\"position\":3,\"name\":\"Conversa\u021bie\"}]},{\"@type\":\"WebSite\",\"@id\":\"https:\\\/\\\/germanacumarina.ro\\\/#website\",\"url\":\"https:\\\/\\\/germanacumarina.ro\\\/\",\"name\":\"Germana cu Marina\",\"description\":\"Cursuri  limba Germana\",\"publisher\":{\"@id\":\"https:\\\/\\\/germanacumarina.ro\\\/#organization\"},\"potentialAction\":[{\"@type\":\"SearchAction\",\"target\":{\"@type\":\"EntryPoint\",\"urlTemplate\":\"https:\\\/\\\/germanacumarina.ro\\\/?s={search_term_string}\"},\"query-input\":{\"@type\":\"PropertyValueSpecification\",\"valueRequired\":true,\"valueName\":\"search_term_string\"}}],\"inLanguage\":\"ro-RO\"},{\"@type\":\"Organization\",\"@id\":\"https:\\\/\\\/germanacumarina.ro\\\/#organization\",\"name\":\"Germana cu Marina\",\"url\":\"https:\\\/\\\/germanacumarina.ro\\\/\",\"logo\":{\"@type\":\"ImageObject\",\"inLanguage\":\"ro-RO\",\"@id\":\"https:\\\/\\\/germanacumarina.ro\\\/#\\\/schema\\\/logo\\\/image\\\/\",\"url\":\"https:\\\/\\\/germanacumarina.ro\\\/wp-content\\\/uploads\\\/2020\\\/06\\\/t6vlibvyuk-e1674929481849.jpg\",\"contentUrl\":\"https:\\\/\\\/germanacumarina.ro\\\/wp-content\\\/uploads\\\/2020\\\/06\\\/t6vlibvyuk-e1674929481849.jpg\",\"width\":175,\"height\":151,\"caption\":\"Germana cu Marina\"},\"image\":{\"@id\":\"https:\\\/\\\/germanacumarina.ro\\\/#\\\/schema\\\/logo\\\/image\\\/\"},\"sameAs\":[\"https:\\\/\\\/www.facebook.com\\\/GermanacuMarina\"]}]}<\/script>\n<!-- \/ Yoast SEO plugin. -->","yoast_head_json":{"title":"Germana cu Marina, cursuri limba germana","description":"Cursuri Germana cu Marina","robots":{"index":"index","follow":"follow","max-snippet":"max-snippet:-1","max-image-preview":"max-image-preview:large","max-video-preview":"max-video-preview:-1"},"canonical":"https:\/\/germanacumarina.ro\/?page_id=14462","og_locale":"ro_RO","og_type":"article","og_title":"Germana cu Marina, cursuri limba germana","og_description":"Cursuri Germana cu Marina","og_url":"https:\/\/germanacumarina.ro\/?page_id=14462","og_site_name":"Germana cu Marina","article_publisher":"https:\/\/www.facebook.com\/GermanacuMarina","article_modified_time":"2025-07-30T17:52:50+00:00","og_image":[{"width":1080,"height":1920,"url":"https:\/\/germanacumarina.ro\/wp-content\/uploads\/2024\/06\/tkyukyu.jpg","type":"image\/jpeg"}],"twitter_card":"summary_large_image","twitter_misc":{"Timp estimat pentru citire":"2 minute"},"schema":{"@context":"https:\/\/schema.org","@graph":[{"@type":"WebPage","@id":"https:\/\/germanacumarina.ro\/?page_id=14462","url":"https:\/\/germanacumarina.ro\/?page_id=14462","name":"Germana cu Marina, cursuri limba germana","isPartOf":{"@id":"https:\/\/germanacumarina.ro\/#website"},"primaryImageOfPage":{"@id":"https:\/\/germanacumarina.ro\/?page_id=14462#primaryimage"},"image":{"@id":"https:\/\/germanacumarina.ro\/?page_id=14462#primaryimage"},"thumbnailUrl":"https:\/\/germanacumarina.ro\/wp-content\/uploads\/2024\/06\/tkyukyu.jpg","datePublished":"2024-06-11T16:09:36+00:00","dateModified":"2025-07-30T17:52:50+00:00","description":"Cursuri Germana cu Marina","breadcrumb":{"@id":"https:\/\/germanacumarina.ro\/?page_id=14462#breadcrumb"},"inLanguage":"ro-RO","potentialAction":[{"@type":"ReadAction","target":["https:\/\/germanacumarina.ro\/?page_id=14462"]}]},{"@type":"ImageObject","inLanguage":"ro-RO","@id":"https:\/\/germanacumarina.ro\/?page_id=14462#primaryimage","url":"https:\/\/germanacumarina.ro\/wp-content\/uploads\/2024\/06\/tkyukyu.jpg","contentUrl":"https:\/\/germanacumarina.ro\/wp-content\/uploads\/2024\/06\/tkyukyu.jpg","width":1080,"height":1920},{"@type":"BreadcrumbList","@id":"https:\/\/germanacumarina.ro\/?page_id=14462#breadcrumb","itemListElement":[{"@type":"ListItem","position":1,"name":"Prima pagin\u0103","item":"https:\/\/germanacumarina.ro\/"},{"@type":"ListItem","position":2,"name":"Descopera Germana","item":"https:\/\/germanacumarina.ro\/?page_id=8763"},{"@type":"ListItem","position":3,"name":"Conversa\u021bie"}]},{"@type":"WebSite","@id":"https:\/\/germanacumarina.ro\/#website","url":"https:\/\/germanacumarina.ro\/","name":"Germana cu Marina","description":"Cursuri  limba Germana","publisher":{"@id":"https:\/\/germanacumarina.ro\/#organization"},"potentialAction":[{"@type":"SearchAction","target":{"@type":"EntryPoint","urlTemplate":"https:\/\/germanacumarina.ro\/?s={search_term_string}"},"query-input":{"@type":"PropertyValueSpecification","valueRequired":true,"valueName":"search_term_string"}}],"inLanguage":"ro-RO"},{"@type":"Organization","@id":"https:\/\/germanacumarina.ro\/#organization","name":"Germana cu Marina","url":"https:\/\/germanacumarina.ro\/","logo":{"@type":"ImageObject","inLanguage":"ro-RO","@id":"https:\/\/germanacumarina.ro\/#\/schema\/logo\/image\/","url":"https:\/\/germanacumarina.ro\/wp-content\/uploads\/2020\/06\/t6vlibvyuk-e1674929481849.jpg","contentUrl":"https:\/\/germanacumarina.ro\/wp-content\/uploads\/2020\/06\/t6vlibvyuk-e1674929481849.jpg","width":175,"height":151,"caption":"Germana cu Marina"},"image":{"@id":"https:\/\/germanacumarina.ro\/#\/schema\/logo\/image\/"},"sameAs":["https:\/\/www.facebook.com\/GermanacuMarina"]}]}},"_links":{"self":[{"href":"https:\/\/germanacumarina.ro\/index.php?rest_route=\/wp\/v2\/pages\/14462","targetHints":{"allow":["GET"]}}],"collection":[{"href":"https:\/\/germanacumarina.ro\/index.php?rest_route=\/wp\/v2\/pages"}],"about":[{"href":"https:\/\/germanacumarina.ro\/index.php?rest_route=\/wp\/v2\/types\/page"}],"author":[{"embeddable":true,"href":"https:\/\/germanacumarina.ro\/index.php?rest_route=\/wp\/v2\/users\/1"}],"replies":[{"embeddable":true,"href":"https:\/\/germanacumarina.ro\/index.php?rest_route=%2Fwp%2Fv2%2Fcomments&post=14462"}],"version-history":[{"count":88,"href":"https:\/\/germanacumarina.ro\/index.php?rest_route=\/wp\/v2\/pages\/14462\/revisions"}],"predecessor-version":[{"id":22230,"href":"https:\/\/germanacumarina.ro\/index.php?rest_route=\/wp\/v2\/pages\/14462\/revisions\/22230"}],"up":[{"embeddable":true,"href":"https:\/\/germanacumarina.ro\/index.php?rest_route=\/wp\/v2\/pages\/8763"}],"wp:featuredmedia":[{"embeddable":true,"href":"https:\/\/germanacumarina.ro\/index.php?rest_route=\/wp\/v2\/media\/14458"}],"wp:attachment":[{"href":"https:\/\/germanacumarina.ro\/index.php?rest_route=%2Fwp%2Fv2%2Fmedia&parent=14462"}],"curies":[{"name":"wp","href":"https:\/\/api.w.org\/{rel}","templated":true}]}}