{"id":16113,"date":"2024-07-14T19:13:31","date_gmt":"2024-07-14T19:13:31","guid":{"rendered":"https:\/\/germanacumarina.ro\/?page_id=16113"},"modified":"2025-08-26T07:49:01","modified_gmt":"2025-08-26T07:49:01","slug":"colectia-filozofie","status":"publish","type":"page","link":"https:\/\/germanacumarina.ro\/?page_id=16113","title":{"rendered":"Colec\u021bia filozofie"},"content":{"rendered":"\t\t<div data-elementor-type=\"wp-page\" data-elementor-id=\"16113\" class=\"elementor elementor-16113\" data-elementor-post-type=\"page\">\n\t\t\t\t<div data-particle_enable=\"false\" data-particle-mobile-disabled=\"false\" class=\"elementor-element elementor-element-6a67ce2 e-flex e-con-boxed e-con e-parent\" data-id=\"6a67ce2\" data-element_type=\"container\" data-e-type=\"container\">\n\t\t\t\t\t<div class=\"e-con-inner\">\n\t\t\t\t<div class=\"elementor-element elementor-element-55e9275 elementor-cta--skin-classic elementor-animated-content elementor-bg-transform elementor-bg-transform-zoom-in elementor-widget elementor-widget-call-to-action\" data-id=\"55e9275\" data-element_type=\"widget\" data-e-type=\"widget\" data-widget_type=\"call-to-action.default\">\n\t\t\t\t<div class=\"elementor-widget-container\">\n\t\t\t\t\t\t\t<div class=\"elementor-cta\">\n\t\t\t\t\t<div class=\"elementor-cta__bg-wrapper\">\n\t\t\t\t<div class=\"elementor-cta__bg elementor-bg\" style=\"background-image: url(https:\/\/germanacumarina.ro\/wp-content\/uploads\/2024\/07\/iStock-2160267469.jpg);\" role=\"img\" aria-label=\"Georg Wilhelm Friedrich Hegel Viata si opera unui filozof al spiritului absolut\"><\/div>\n\t\t\t\t<div class=\"elementor-cta__bg-overlay\"><\/div>\n\t\t\t<\/div>\n\t\t\t\t\t\t\t<div class=\"elementor-cta__content\">\n\t\t\t\t\n\t\t\t\t\t\t\t\t\t<h2 class=\"elementor-cta__title elementor-cta__content-item elementor-content-item\">\n\t\t\t\t\t\tGeorg Wilhelm Friedrich Hegel - Viata si opera unui filozof al spiritului absolut\t\t\t\t\t<\/h2>\n\t\t\t\t\n\t\t\t\t\t\t\t\t\t<div class=\"elementor-cta__description elementor-cta__content-item elementor-content-item\">\n\t\t\t\t\t\t\nGeorg Wilhelm Friedrich Hegel, unul dintre cei mai mari filozofi ai secolului al XIX-lea, s-a n\u0103scut pe 27 august 1770, \u00eentr-o familie cultivat\u0103 din Stuttgart, Germania. Provenind dintr-un mediu educat, Hegel a beneficiat de o educa\u021bie modern\u0103, iar tragediile grece\u0219ti au fost una dintre lecturile sale favorite, influen\u021b\u00e2nd profund g\u00e2ndirea sa ulterioar\u0103.\t\t\t\t\t<\/div>\n\t\t\t\t\n\t\t\t\t\t\t\t\t\t<div class=\"elementor-cta__button-wrapper elementor-cta__content-item elementor-content-item \">\n\t\t\t\t\t<a class=\"elementor-cta__button elementor-button elementor-size-\" href=\"https:\/\/germanacumarina.ro\/georg-wilhelm-friedrich-hegel-viata-si-opera-unui-filozof-al-spiritului-absolut\/\">\n\t\t\t\t\t\tCite\u0219te mai mult\t\t\t\t\t<\/a>\n\t\t\t\t\t<\/div>\n\t\t\t\t\t\t\t<\/div>\n\t\t\t\t\t\t<\/div>\n\t\t\t\t\t\t<\/div>\n\t\t\t\t<\/div>\n\t\t\t\t\t<\/div>\n\t\t\t\t<\/div>\n\t\t<div data-particle_enable=\"false\" data-particle-mobile-disabled=\"false\" class=\"elementor-element elementor-element-19138df e-flex e-con-boxed e-con e-parent\" data-id=\"19138df\" data-element_type=\"container\" data-e-type=\"container\">\n\t\t\t\t\t<div class=\"e-con-inner\">\n\t\t\t\t<div class=\"elementor-element elementor-element-cb421b7 elementor-cta--skin-classic elementor-animated-content elementor-bg-transform elementor-bg-transform-zoom-in elementor-widget elementor-widget-call-to-action\" data-id=\"cb421b7\" data-element_type=\"widget\" data-e-type=\"widget\" data-widget_type=\"call-to-action.default\">\n\t\t\t\t<div class=\"elementor-widget-container\">\n\t\t\t\t\t\t\t<div class=\"elementor-cta\">\n\t\t\t\t\t<div class=\"elementor-cta__bg-wrapper\">\n\t\t\t\t<div class=\"elementor-cta__bg elementor-bg\" style=\"background-image: url(https:\/\/germanacumarina.ro\/wp-content\/uploads\/2024\/07\/iStock-2160267468.jpg);\" role=\"img\" aria-label=\"Immanuel Kant Via\u021ba \u0219i contribu\u021biile unui filozof prolific\"><\/div>\n\t\t\t\t<div class=\"elementor-cta__bg-overlay\"><\/div>\n\t\t\t<\/div>\n\t\t\t\t\t\t\t<div class=\"elementor-cta__content\">\n\t\t\t\t\n\t\t\t\t\t\t\t\t\t<h2 class=\"elementor-cta__title elementor-cta__content-item elementor-content-item\">\n\t\t\t\t\t\tImmanuel Kant - Via\u021ba \u0219i contribu\u021biile unui filozof prolific\t\t\t\t\t<\/h2>\n\t\t\t\t\n\t\t\t\t\t\t\t\t\t<div class=\"elementor-cta__description elementor-cta__content-item elementor-content-item\">\n\t\t\t\t\t\tImmanuel Kant, unul dintre cei mai mari g\u00e2nditori ai Iluminismului, s-a n\u0103scut pe 22 aprilie 1724, \u00een K\u00f6nigsberg, Prusia (ast\u0103zi Kaliningrad, Rusia). Kant a avut o influen\u021b\u0103 profund\u0103 asupra multor filozofi, inclusiv asupra lui Friedrich Nietzsche, care a fost influen\u021bat de modul \u00een care Kant a schimbat paradigma filozofiei occidentale.\t\t\t\t\t<\/div>\n\t\t\t\t\n\t\t\t\t\t\t\t\t\t<div class=\"elementor-cta__button-wrapper elementor-cta__content-item elementor-content-item \">\n\t\t\t\t\t<a class=\"elementor-cta__button elementor-button elementor-size-\" href=\"https:\/\/germanacumarina.ro\/immanuel-kant-viata-si-contributiile-unui-filozof-prolific\/\">\n\t\t\t\t\t\tCite\u0219te mai mult\t\t\t\t\t<\/a>\n\t\t\t\t\t<\/div>\n\t\t\t\t\t\t\t<\/div>\n\t\t\t\t\t\t<\/div>\n\t\t\t\t\t\t<\/div>\n\t\t\t\t<\/div>\n\t\t\t\t\t<\/div>\n\t\t\t\t<\/div>\n\t\t<div data-particle_enable=\"false\" data-particle-mobile-disabled=\"false\" class=\"elementor-element elementor-element-006a457 e-flex e-con-boxed e-con e-parent\" data-id=\"006a457\" data-element_type=\"container\" data-e-type=\"container\">\n\t\t\t\t\t<div class=\"e-con-inner\">\n\t\t\t\t<div class=\"elementor-element elementor-element-7b0c01a elementor-cta--skin-classic elementor-animated-content elementor-bg-transform elementor-bg-transform-zoom-in elementor-widget elementor-widget-call-to-action\" data-id=\"7b0c01a\" data-element_type=\"widget\" data-e-type=\"widget\" data-widget_type=\"call-to-action.default\">\n\t\t\t\t<div class=\"elementor-widget-container\">\n\t\t\t\t\t\t\t<div class=\"elementor-cta\">\n\t\t\t\t\t<div class=\"elementor-cta__bg-wrapper\">\n\t\t\t\t<div class=\"elementor-cta__bg elementor-bg\" style=\"background-image: url(https:\/\/germanacumarina.ro\/wp-content\/uploads\/2024\/07\/iStock-2160267456.jpg);\" role=\"img\" aria-label=\"Friedrich Nietzsche Via\u021ba \u0219i filozofia unui g\u00e2nditor revolu\u021bionar\"><\/div>\n\t\t\t\t<div class=\"elementor-cta__bg-overlay\"><\/div>\n\t\t\t<\/div>\n\t\t\t\t\t\t\t<div class=\"elementor-cta__content\">\n\t\t\t\t\n\t\t\t\t\t\t\t\t\t<h2 class=\"elementor-cta__title elementor-cta__content-item elementor-content-item\">\n\t\t\t\t\t\tFriedrich Nietzsche - Via\u021ba \u0219i filozofia unui g\u00e2nditor revolu\u021bionar\t\t\t\t\t<\/h2>\n\t\t\t\t\n\t\t\t\t\t\t\t\t\t<div class=\"elementor-cta__description elementor-cta__content-item elementor-content-item\">\n\t\t\t\t\t\tFriedrich Nietzsche a avut un impact profund asupra g\u00e2ndirii occidentale, influen\u021b\u00e2nd diverse domenii, de la filozofie \u0219i literatur\u0103, p\u00e2n\u0103 la psihologie \u0219i politic\u0103. Operele sale, precum \u201eAlso sprach Zarathustra\u201d (\u201eA\u0219a gr\u0103it-a Zarathustra\u201d), \u201eJenseits von Gut und B\u00f6se\u201d (\u201eDincolo de bine \u0219i de r\u0103u\u201d) \u0219i \u201eDie Geburt der Trag\u00f6die\u201d (\u201eNa\u0219terea tragediei\u201d), continu\u0103 s\u0103 fie studiate \u0219i dezb\u0103tute pentru profunzimea \u0219i provoc\u0103rile lor intelectuale.\t\t\t\t\t<\/div>\n\t\t\t\t\n\t\t\t\t\t\t\t\t\t<div class=\"elementor-cta__button-wrapper elementor-cta__content-item elementor-content-item \">\n\t\t\t\t\t<a class=\"elementor-cta__button elementor-button elementor-size-\" href=\"https:\/\/germanacumarina.ro\/friedrich-nietzsche-viata-si-filozofia-unui-ganditor-revolutionar\/\">\n\t\t\t\t\t\tCite\u0219te mai mult\t\t\t\t\t<\/a>\n\t\t\t\t\t<\/div>\n\t\t\t\t\t\t\t<\/div>\n\t\t\t\t\t\t<\/div>\n\t\t\t\t\t\t<\/div>\n\t\t\t\t<\/div>\n\t\t\t\t\t<\/div>\n\t\t\t\t<\/div>\n\t\t\t\t<\/div>\n\t\t","protected":false},"excerpt":{"rendered":"<p>Georg Wilhelm Friedrich Hegel &#8211; Viata si opera unui filozof al spiritului absolut Georg Wilhelm Friedrich Hegel, unul dintre cei mai mari filozofi ai secolului al XIX-lea, s-a n\u0103scut pe 27 august 1770, \u00eentr-o familie cultivat\u0103 din Stuttgart, Germania. Provenind dintr-un mediu educat, Hegel a beneficiat de o educa\u021bie modern\u0103, iar tragediile grece\u0219ti au fost [&hellip;]<\/p>\n","protected":false},"author":1,"featured_media":15416,"parent":0,"menu_order":0,"comment_status":"closed","ping_status":"closed","template":"elementor_header_footer","meta":{"zakra_page_container_layout":"customizer","zakra_page_sidebar_layout":"customizer","zakra_remove_content_margin":false,"zakra_sidebar":"customizer","zakra_transparent_header":"customizer","zakra_logo":0,"zakra_main_header_style":"default","zakra_menu_item_color":"","zakra_menu_item_hover_color":"","zakra_menu_item_active_color":"","zakra_menu_active_style":"","zakra_page_header":true,"_eb_attr":"","footnotes":""},"class_list":["post-16113","page","type-page","status-publish","has-post-thumbnail","hentry"],"yoast_head":"<!-- This site is optimized with the Yoast SEO plugin v27.4 - https:\/\/yoast.com\/product\/yoast-seo-wordpress\/ -->\n<title>Colec\u021bia filozofie<\/title>\n<meta name=\"description\" content=\"Cursuri Germana cu Marina, Colec\u021bia filozofie, cursuri online, invata cultura germana\" \/>\n<meta name=\"robots\" content=\"index, follow, max-snippet:-1, max-image-preview:large, max-video-preview:-1\" \/>\n<link rel=\"canonical\" href=\"https:\/\/germanacumarina.ro\/?page_id=16113\" \/>\n<meta property=\"og:locale\" content=\"ro_RO\" \/>\n<meta property=\"og:type\" content=\"article\" \/>\n<meta property=\"og:title\" content=\"Colec\u021bia filozofie\" \/>\n<meta property=\"og:description\" content=\"Cursuri Germana cu Marina, Colec\u021bia filozofie, cursuri online, invata cultura germana\" \/>\n<meta property=\"og:url\" content=\"https:\/\/germanacumarina.ro\/?page_id=16113\" \/>\n<meta property=\"og:site_name\" content=\"Germana cu Marina\" \/>\n<meta property=\"article:publisher\" content=\"https:\/\/www.facebook.com\/GermanacuMarina\" \/>\n<meta property=\"article:modified_time\" content=\"2025-08-26T07:49:01+00:00\" \/>\n<meta property=\"og:image\" content=\"https:\/\/germanacumarina.ro\/wp-content\/uploads\/2024\/07\/iStock-1175010909.jpg\" \/>\n\t<meta property=\"og:image:width\" content=\"1448\" \/>\n\t<meta property=\"og:image:height\" content=\"724\" \/>\n\t<meta property=\"og:image:type\" content=\"image\/jpeg\" \/>\n<meta name=\"twitter:card\" content=\"summary_large_image\" \/>\n<meta name=\"twitter:label1\" content=\"Timp estimat pentru citire\" \/>\n\t<meta name=\"twitter:data1\" content=\"2 minute\" \/>\n<script type=\"application\/ld+json\" class=\"yoast-schema-graph\">{\"@context\":\"https:\\\/\\\/schema.org\",\"@graph\":[{\"@type\":\"WebPage\",\"@id\":\"https:\\\/\\\/germanacumarina.ro\\\/?page_id=16113\",\"url\":\"https:\\\/\\\/germanacumarina.ro\\\/?page_id=16113\",\"name\":\"Colec\u021bia filozofie\",\"isPartOf\":{\"@id\":\"https:\\\/\\\/germanacumarina.ro\\\/#website\"},\"primaryImageOfPage\":{\"@id\":\"https:\\\/\\\/germanacumarina.ro\\\/?page_id=16113#primaryimage\"},\"image\":{\"@id\":\"https:\\\/\\\/germanacumarina.ro\\\/?page_id=16113#primaryimage\"},\"thumbnailUrl\":\"https:\\\/\\\/germanacumarina.ro\\\/wp-content\\\/uploads\\\/2024\\\/07\\\/iStock-1175010909.jpg\",\"datePublished\":\"2024-07-14T19:13:31+00:00\",\"dateModified\":\"2025-08-26T07:49:01+00:00\",\"description\":\"Cursuri Germana cu Marina, Colec\u021bia filozofie, cursuri online, invata cultura germana\",\"breadcrumb\":{\"@id\":\"https:\\\/\\\/germanacumarina.ro\\\/?page_id=16113#breadcrumb\"},\"inLanguage\":\"ro-RO\",\"potentialAction\":[{\"@type\":\"ReadAction\",\"target\":[\"https:\\\/\\\/germanacumarina.ro\\\/?page_id=16113\"]}]},{\"@type\":\"ImageObject\",\"inLanguage\":\"ro-RO\",\"@id\":\"https:\\\/\\\/germanacumarina.ro\\\/?page_id=16113#primaryimage\",\"url\":\"https:\\\/\\\/germanacumarina.ro\\\/wp-content\\\/uploads\\\/2024\\\/07\\\/iStock-1175010909.jpg\",\"contentUrl\":\"https:\\\/\\\/germanacumarina.ro\\\/wp-content\\\/uploads\\\/2024\\\/07\\\/iStock-1175010909.jpg\",\"width\":1448,\"height\":724,\"caption\":\"Stack of stones ,Japanese Rock Garden, Rock Garden, Summer, Yin Yang Symbol, Nature, tranquility\"},{\"@type\":\"BreadcrumbList\",\"@id\":\"https:\\\/\\\/germanacumarina.ro\\\/?page_id=16113#breadcrumb\",\"itemListElement\":[{\"@type\":\"ListItem\",\"position\":1,\"name\":\"Prima pagin\u0103\",\"item\":\"https:\\\/\\\/germanacumarina.ro\\\/\"},{\"@type\":\"ListItem\",\"position\":2,\"name\":\"Colec\u021bia filozofie\"}]},{\"@type\":\"WebSite\",\"@id\":\"https:\\\/\\\/germanacumarina.ro\\\/#website\",\"url\":\"https:\\\/\\\/germanacumarina.ro\\\/\",\"name\":\"Germana cu Marina\",\"description\":\"Cursuri  limba Germana\",\"publisher\":{\"@id\":\"https:\\\/\\\/germanacumarina.ro\\\/#organization\"},\"potentialAction\":[{\"@type\":\"SearchAction\",\"target\":{\"@type\":\"EntryPoint\",\"urlTemplate\":\"https:\\\/\\\/germanacumarina.ro\\\/?s={search_term_string}\"},\"query-input\":{\"@type\":\"PropertyValueSpecification\",\"valueRequired\":true,\"valueName\":\"search_term_string\"}}],\"inLanguage\":\"ro-RO\"},{\"@type\":\"Organization\",\"@id\":\"https:\\\/\\\/germanacumarina.ro\\\/#organization\",\"name\":\"Germana cu Marina\",\"url\":\"https:\\\/\\\/germanacumarina.ro\\\/\",\"logo\":{\"@type\":\"ImageObject\",\"inLanguage\":\"ro-RO\",\"@id\":\"https:\\\/\\\/germanacumarina.ro\\\/#\\\/schema\\\/logo\\\/image\\\/\",\"url\":\"https:\\\/\\\/germanacumarina.ro\\\/wp-content\\\/uploads\\\/2020\\\/06\\\/t6vlibvyuk-e1674929481849.jpg\",\"contentUrl\":\"https:\\\/\\\/germanacumarina.ro\\\/wp-content\\\/uploads\\\/2020\\\/06\\\/t6vlibvyuk-e1674929481849.jpg\",\"width\":175,\"height\":151,\"caption\":\"Germana cu Marina\"},\"image\":{\"@id\":\"https:\\\/\\\/germanacumarina.ro\\\/#\\\/schema\\\/logo\\\/image\\\/\"},\"sameAs\":[\"https:\\\/\\\/www.facebook.com\\\/GermanacuMarina\"]}]}<\/script>\n<!-- \/ Yoast SEO plugin. -->","yoast_head_json":{"title":"Colec\u021bia filozofie","description":"Cursuri Germana cu Marina, Colec\u021bia filozofie, cursuri online, invata cultura germana","robots":{"index":"index","follow":"follow","max-snippet":"max-snippet:-1","max-image-preview":"max-image-preview:large","max-video-preview":"max-video-preview:-1"},"canonical":"https:\/\/germanacumarina.ro\/?page_id=16113","og_locale":"ro_RO","og_type":"article","og_title":"Colec\u021bia filozofie","og_description":"Cursuri Germana cu Marina, Colec\u021bia filozofie, cursuri online, invata cultura germana","og_url":"https:\/\/germanacumarina.ro\/?page_id=16113","og_site_name":"Germana cu Marina","article_publisher":"https:\/\/www.facebook.com\/GermanacuMarina","article_modified_time":"2025-08-26T07:49:01+00:00","og_image":[{"width":1448,"height":724,"url":"https:\/\/germanacumarina.ro\/wp-content\/uploads\/2024\/07\/iStock-1175010909.jpg","type":"image\/jpeg"}],"twitter_card":"summary_large_image","twitter_misc":{"Timp estimat pentru citire":"2 minute"},"schema":{"@context":"https:\/\/schema.org","@graph":[{"@type":"WebPage","@id":"https:\/\/germanacumarina.ro\/?page_id=16113","url":"https:\/\/germanacumarina.ro\/?page_id=16113","name":"Colec\u021bia filozofie","isPartOf":{"@id":"https:\/\/germanacumarina.ro\/#website"},"primaryImageOfPage":{"@id":"https:\/\/germanacumarina.ro\/?page_id=16113#primaryimage"},"image":{"@id":"https:\/\/germanacumarina.ro\/?page_id=16113#primaryimage"},"thumbnailUrl":"https:\/\/germanacumarina.ro\/wp-content\/uploads\/2024\/07\/iStock-1175010909.jpg","datePublished":"2024-07-14T19:13:31+00:00","dateModified":"2025-08-26T07:49:01+00:00","description":"Cursuri Germana cu Marina, Colec\u021bia filozofie, cursuri online, invata cultura germana","breadcrumb":{"@id":"https:\/\/germanacumarina.ro\/?page_id=16113#breadcrumb"},"inLanguage":"ro-RO","potentialAction":[{"@type":"ReadAction","target":["https:\/\/germanacumarina.ro\/?page_id=16113"]}]},{"@type":"ImageObject","inLanguage":"ro-RO","@id":"https:\/\/germanacumarina.ro\/?page_id=16113#primaryimage","url":"https:\/\/germanacumarina.ro\/wp-content\/uploads\/2024\/07\/iStock-1175010909.jpg","contentUrl":"https:\/\/germanacumarina.ro\/wp-content\/uploads\/2024\/07\/iStock-1175010909.jpg","width":1448,"height":724,"caption":"Stack of stones ,Japanese Rock Garden, Rock Garden, Summer, Yin Yang Symbol, Nature, tranquility"},{"@type":"BreadcrumbList","@id":"https:\/\/germanacumarina.ro\/?page_id=16113#breadcrumb","itemListElement":[{"@type":"ListItem","position":1,"name":"Prima pagin\u0103","item":"https:\/\/germanacumarina.ro\/"},{"@type":"ListItem","position":2,"name":"Colec\u021bia filozofie"}]},{"@type":"WebSite","@id":"https:\/\/germanacumarina.ro\/#website","url":"https:\/\/germanacumarina.ro\/","name":"Germana cu Marina","description":"Cursuri  limba Germana","publisher":{"@id":"https:\/\/germanacumarina.ro\/#organization"},"potentialAction":[{"@type":"SearchAction","target":{"@type":"EntryPoint","urlTemplate":"https:\/\/germanacumarina.ro\/?s={search_term_string}"},"query-input":{"@type":"PropertyValueSpecification","valueRequired":true,"valueName":"search_term_string"}}],"inLanguage":"ro-RO"},{"@type":"Organization","@id":"https:\/\/germanacumarina.ro\/#organization","name":"Germana cu Marina","url":"https:\/\/germanacumarina.ro\/","logo":{"@type":"ImageObject","inLanguage":"ro-RO","@id":"https:\/\/germanacumarina.ro\/#\/schema\/logo\/image\/","url":"https:\/\/germanacumarina.ro\/wp-content\/uploads\/2020\/06\/t6vlibvyuk-e1674929481849.jpg","contentUrl":"https:\/\/germanacumarina.ro\/wp-content\/uploads\/2020\/06\/t6vlibvyuk-e1674929481849.jpg","width":175,"height":151,"caption":"Germana cu Marina"},"image":{"@id":"https:\/\/germanacumarina.ro\/#\/schema\/logo\/image\/"},"sameAs":["https:\/\/www.facebook.com\/GermanacuMarina"]}]}},"_links":{"self":[{"href":"https:\/\/germanacumarina.ro\/index.php?rest_route=\/wp\/v2\/pages\/16113","targetHints":{"allow":["GET"]}}],"collection":[{"href":"https:\/\/germanacumarina.ro\/index.php?rest_route=\/wp\/v2\/pages"}],"about":[{"href":"https:\/\/germanacumarina.ro\/index.php?rest_route=\/wp\/v2\/types\/page"}],"author":[{"embeddable":true,"href":"https:\/\/germanacumarina.ro\/index.php?rest_route=\/wp\/v2\/users\/1"}],"replies":[{"embeddable":true,"href":"https:\/\/germanacumarina.ro\/index.php?rest_route=%2Fwp%2Fv2%2Fcomments&post=16113"}],"version-history":[{"count":83,"href":"https:\/\/germanacumarina.ro\/index.php?rest_route=\/wp\/v2\/pages\/16113\/revisions"}],"predecessor-version":[{"id":22893,"href":"https:\/\/germanacumarina.ro\/index.php?rest_route=\/wp\/v2\/pages\/16113\/revisions\/22893"}],"wp:featuredmedia":[{"embeddable":true,"href":"https:\/\/germanacumarina.ro\/index.php?rest_route=\/wp\/v2\/media\/15416"}],"wp:attachment":[{"href":"https:\/\/germanacumarina.ro\/index.php?rest_route=%2Fwp%2Fv2%2Fmedia&parent=16113"}],"curies":[{"name":"wp","href":"https:\/\/api.w.org\/{rel}","templated":true}]}}